{"id":132,"date":"2021-01-12T13:47:36","date_gmt":"2021-01-12T13:47:36","guid":{"rendered":"https:\/\/mostschank-kelz.at\/?page_id=132"},"modified":"2022-08-22T14:54:01","modified_gmt":"2022-08-22T14:54:01","slug":"datenschutz","status":"publish","type":"page","link":"https:\/\/mostschank-kelz.at\/index.php\/datenschutz\/","title":{"rendered":"Datenschutz"},"content":{"rendered":"<p>[et_pb_section fb_built=&#8220;1&#8243; _builder_version=&#8220;4.7.7&#8243; _module_preset=&#8220;default&#8220;][et_pb_row _builder_version=&#8220;4.7.7&#8243; _module_preset=&#8220;default&#8220;][et_pb_column type=&#8220;4_4&#8243; _builder_version=&#8220;4.7.7&#8243; _module_preset=&#8220;default&#8220;][et_pb_text _builder_version=&#8220;4.7.7&#8243; _module_preset=&#8220;default&#8220;]<\/p>\n<h1>Datenschutzerkl\u00e4rung<\/h1>\n<p>Der Schutz Ihrer pers\u00f6nlichen Daten ist uns ein besonderes Anliegen. Wir verarbeiten Ihre Daten daher ausschlie\u00dflich auf Grundlage der gesetzlichen Bestimmungen (DSGVO, TKG 2003). In diesen Datenschutzinformationen informieren wir Sie \u00fcber die wichtigsten Aspekte der Datenverarbeitung im Rahmen unserer Website.<\/p>\n<p>&nbsp;<\/p>\n<h2>Kontakt mit uns<\/h2>\n<p>Diese Webseite enth\u00e4lt aufgrund von gesetzlichen Vorschriften Angaben, die eine schnelle elektronische Kontaktaufnahme zu unserem Unternehmen sowie eine unmittelbare Kommunikation mit uns erm\u00f6glichen, was ebenfalls eine allgemeine Adresse der sogenannten elektronischen Post (E-Mail-Adresse) umfasst. <span id=\"contact\" class=\"ts-muster-generator-wrap ts-muster-id-contact\"><span class=\"ts-muster-content\"><br \/> <\/span><\/span><\/p>\n<p>Wenn Sie per E-Mail Kontakt mit uns aufnehmen, werden Ihre angegebenen Daten zwecks Bearbeitung der Anfrage und f\u00fcr den Fall von Anschlussfragen <span id=\"contact\" class=\"ts-muster-generator-wrap ts-muster-id-contact\"><span class=\"ts-muster-content\">gem. Art. 6 Abs. 1 lit. b DSGVO<\/span><\/span> bei uns gespeichert. Diese Daten geben wir nicht ohne Ihre Einwilligung weiter. <span id=\"contact\" class=\"ts-muster-generator-wrap ts-muster-id-contact\"><span class=\"ts-muster-content\">Wir l\u00f6schen die Anfrage, sofern diese nicht mehr erforderlich ist.<\/span><\/span> <span id=\"contact\" class=\"ts-muster-generator-wrap ts-muster-id-contact\"><span class=\"ts-muster-content\">Wir \u00fcberpr\u00fcfen die Erforderlichkeit alle zwei Jahre, unter Ber\u00fccksichtigeung der gesetzlichen Archivierungspflichten.<\/span><\/span><\/p>\n<p><span class=\"ts-muster-generator-wrap ts-muster-id-contact\"><span class=\"ts-muster-content\"><\/span><\/span><\/p>\n<h2>Cookie-Richtlinie<\/h2>\n<p>Unsere Website verwendet ausschlie\u00dflich notwendige Cookies. Dabei handelt es sich um kleine Textdateien, die mit Hilfe des Browsers auf Ihrem Endger\u00e4t abgelegt werden. Sie richten keinen Schaden an. Wir nutzen Cookies dazu, unser Angebot bereitzustellen. Einige Cookies bleiben auf Ihrem Endger\u00e4t gespeichert, bis Sie diese l\u00f6schen. Sie erm\u00f6glichen es uns, Ihren Browser beim n\u00e4chsten Besuch wiederzuerkennen.<br \/> Wenn Sie dies nicht w\u00fcnschen, so k\u00f6nnen Sie Ihren Browser so einrichten, dass er Sie \u00fcber das Setzen von Cookies informiert und Sie dies nur im Einzelfall erlauben. Bei der Deaktivierung von Cookies kann die Funktionalit\u00e4t unserer Website eingeschr\u00e4nkt sein.<\/p>\n<p>&nbsp;<\/p>\n<h2>Server-Logfiles<\/h2>\n<p><span id=\"hostingprovider\" class=\"ts-muster-generator-wrap ts-muster-id-hostingprovider\"><span class=\"ts-muster-content\">Die von uns in Anspruch genommenen Hosting-Leistungen dienen der Zurverf\u00fcgungstellung des Online-Auftrittes. <\/span><\/span>Der Hosting-Provider (Auftragsverarbeiter Lederhaas, mit Sitz in \u00d6sterreich) erhebt Daten \u00fcber Zugriffe auf die Seite und speichert diese als \u201eServer-Logfiles\u201c ab. Protokolliert werden<\/p>\n<ul>\n<li>Browsertyp und Browserversion<\/li>\n<li>verwendetes Betriebssystem<\/li>\n<li>Referrer URL (die zuvor besuchte Seite)<\/li>\n<li>Hostname des zugreifenden Rechners<\/li>\n<li>Uhrzeit der Serveranfrage und der anfragende Provider<\/li>\n<li>IP-Adresse<\/li>\n<\/ul>\n<p><span id=\"hostingprovider\" class=\"ts-muster-generator-wrap ts-muster-id-hostingprovider\"><span class=\"ts-muster-content\"> Die Daten werden auf Grundlage unserer berechtigten Interessen an einem sicheren und effizienten Online-Auftritt gem. Art. 6 Abs. 1 lit. f DSGVO verarbeitet<\/span><\/span>. Die erhobenen Daten dienen lediglich statistischen Auswertungen und zur Verbesserung der Website. Der Websitebetreiber beh\u00e4lt sich allerdings vor, die Server-Logfiles nachtr\u00e4glich zu \u00fcberpr\u00fcfen, sollten konkrete Anhaltspunkte auf eine rechtswidrige Nutzung hinweisen.<\/p>\n<p>&nbsp;<\/p>\n<h2>Ihre Rechte<\/h2>\n<p>Ihnen stehen grunds\u00e4tzlich die Rechte auf Auskunft, Berichtigung, L\u00f6schung, Einschr\u00e4nkung, Daten\u00fcbertragbarkeit, Widerruf und Widerspruch zu. <strong>Bitte kontaktieren Sie uns jederzeit, wenn Sie sich dar\u00fcber informieren m\u00f6chten, welche personenbezogenen Daten wir \u00fcber Sie speichern bzw. wenn Sie diese l\u00f6schen bzw. berichtigen lassen wollen.<\/strong><\/p>\n<p><strong><\/strong><\/p>\n<p>Wenn Sie glauben, dass die Verarbeitung Ihrer Daten gegen das Datenschutzrecht verst\u00f6\u00dft oder Ihre datenschutzrechtlichen Anspr\u00fcche sonst in einer Weise verletzt worden sind, k\u00f6nnen Sie sich an die Aufsichtsbeh\u00f6rde wenden. In \u00d6sterreich ist dies die Datenschutzbeh\u00f6rde.<\/p>\n<p><strong>Sie erreichen uns unter folgenden Kontaktdaten:<\/strong><\/p>\n<div class=\"et_pb_column et_pb_column_4_4 et_pb_column_0  et_pb_css_mix_blend_mode_passthrough et-last-child\">\n<div class=\"et_pb_module et_pb_text et_pb_text_0  et_pb_text_align_left et_pb_bg_layout_light\">\n<div class=\"et_pb_text_inner\">\n<div class=\"kelz-postcontent\">\n<div class=\"kelz-article\">\n<p>Mostschank Kelz<\/p>\n<p>Harl 25<\/p>\n<p>8182 Puch bei Weiz<\/p>\n<p>Tel. u. Fax +43 03177 3117<\/p>\n<p>Email: <span style=\"text-decoration: underline;\"> <\/span><a href=\"mailto:mostschank.kelz@aon.at\">mostschank.kelz@aon.at<\/a><\/p>\n<\/div>\n<\/div>\n<\/div>\n<\/div>\n<\/div>\n<p><strong>\u00a0<\/strong><\/p>\n<p><strong><\/strong><\/p>\n<p>[\/et_pb_text][\/et_pb_column][\/et_pb_row][\/et_pb_section]<\/p>\n","protected":false},"excerpt":{"rendered":"<p>[et_pb_section fb_built=&#8220;1&#8243; _builder_version=&#8220;4.7.7&#8243; _module_preset=&#8220;default&#8220;][et_pb_row _builder_version=&#8220;4.7.7&#8243; _module_preset=&#8220;default&#8220;][et_pb_column type=&#8220;4_4&#8243; _builder_version=&#8220;4.7.7&#8243; _module_preset=&#8220;default&#8220;][et_pb_text _builder_version=&#8220;4.7.7&#8243; _module_preset=&#8220;default&#8220;] Datenschutzerkl\u00e4rung Der Schutz Ihrer pers\u00f6nlichen Daten ist uns ein besonderes Anliegen. Wir verarbeiten Ihre Daten daher ausschlie\u00dflich auf Grundlage der gesetzlichen Bestimmungen (DSGVO, TKG 2003). In diesen Datenschutzinformationen informieren wir Sie \u00fcber die wichtigsten Aspekte der Datenverarbeitung im Rahmen unserer Website. &nbsp; Kontakt mit [&hellip;]<\/p>\n","protected":false},"author":1,"featured_media":0,"parent":0,"menu_order":0,"comment_status":"closed","ping_status":"closed","template":"","meta":{"_et_pb_use_builder":"on","_et_pb_old_content":"","_et_gb_content_width":""},"_links":{"self":[{"href":"https:\/\/mostschank-kelz.at\/index.php\/wp-json\/wp\/v2\/pages\/132"}],"collection":[{"href":"https:\/\/mostschank-kelz.at\/index.php\/wp-json\/wp\/v2\/pages"}],"about":[{"href":"https:\/\/mostschank-kelz.at\/index.php\/wp-json\/wp\/v2\/types\/page"}],"author":[{"embeddable":true,"href":"https:\/\/mostschank-kelz.at\/index.php\/wp-json\/wp\/v2\/users\/1"}],"replies":[{"embeddable":true,"href":"https:\/\/mostschank-kelz.at\/index.php\/wp-json\/wp\/v2\/comments?post=132"}],"version-history":[{"count":6,"href":"https:\/\/mostschank-kelz.at\/index.php\/wp-json\/wp\/v2\/pages\/132\/revisions"}],"predecessor-version":[{"id":685,"href":"https:\/\/mostschank-kelz.at\/index.php\/wp-json\/wp\/v2\/pages\/132\/revisions\/685"}],"wp:attachment":[{"href":"https:\/\/mostschank-kelz.at\/index.php\/wp-json\/wp\/v2\/media?parent=132"}],"curies":[{"name":"wp","href":"https:\/\/api.w.org\/{rel}","templated":true}]}}